{"id":239,"date":"2021-02-08T10:08:55","date_gmt":"2021-02-08T10:08:55","guid":{"rendered":"https:\/\/elnclassrooms.ee\/?page_id=239"},"modified":"2021-02-11T20:20:29","modified_gmt":"2021-02-11T20:20:29","slug":"the-eln-vle-ru","status":"publish","type":"page","link":"https:\/\/elnclassrooms.ee\/ru\/the-eln-vle-ru\/","title":{"rendered":"The ELN VLE"},"content":{"rendered":"\n<p>VLE &#8212; \u044d\u0442\u043e \u0441\u043e\u043a\u0440\u0430\u0449\u0435\u043d\u0438\u0435 \u0430\u043d\u0433\u043b\u0438\u0439\u0441\u043a\u043e\u0433\u043e \u0442\u0435\u0440\u043c\u0438\u043d\u0430 Virtual Learning Environment, \u043a\u043e\u0442\u043e\u0440\u044b\u0439 \u0432 \u0440\u0443\u0441\u0441\u043a\u043e\u043c \u044f\u0437\u044b\u043a\u0435 \u0441\u043e\u043e\u0442\u0432\u0435\u0442\u0441\u0442\u0432\u0443\u0435\u0442 \u043f\u043e\u043d\u044f\u0442\u0438\u044e &#171;\u0432\u0438\u0440\u0442\u0443\u0430\u043b\u044c\u043d\u0430\u044f \u043e\u0431\u0443\u0447\u0430\u044e\u0449\u0430\u044f \u0441\u0440\u0435\u0434\u0430&#187;. ELN &#8212; \u044d\u0442\u043e \u043a\u0440\u0430\u0442\u043a\u043e\u0435 \u043d\u0430\u0437\u0432\u0430\u043d\u0438\u0435 <strong>E<\/strong>nglish<strong>L<\/strong>ab.<strong>N<\/strong>et<\/p>\n\n\n\n<p>\u00d5ppekeskkonnad veebis v\u00f5imaldavad \u00f5pet osaliselt v\u00f5i t\u00e4ielikult l\u00e4bi viia veebip\u00f5hiselt. E-\u00f5ppe keskkondade puhul on tegemist terviklike s\u00fcsteemidega, mis v\u00f5imaldavad kogu \u00f5ppetegevust l\u00e4bi viia \u00fches keskkonnas.<\/p>\n\n\n\n<p>E-\u00f5ppe kvaliteedi tagamiseks kasutab EnglishLab.Net O\u00dc 3 erinevat e-\u00f5ppekeskonda, peetes need pigem oma suurema virtuaalselt hajutatud e-\u00f5ppekeskonna mooduliteks. K\u00f5ik 3 on omavahel h\u00fcperviidete abil tihedalt seotud.<\/p>\n\n\n\n<p>Kasutusel on <\/p>\n\n\n\n<ul class=\"wp-block-list\"><li>oma poolt v\u00e4lja t\u00f6\u00f6tatud e-\u00f5ppekeskkond<strong> ELN Classrooms<\/strong>, mis asub aadressil <a href=\"https:\/\/www.elnclassrooms.eu\">www.elnclassrooms.eu <\/a> Seal toimuvad e-tunnid reaalajas Skype-i v\u00f5i Zoom-i vahendusel. Nende tundide k\u00e4igus peamine r\u00f5hk on \u00f5ppuri k\u00f5neoskuse ja keeleliste p\u00e4devuste arendamisel. <\/li><\/ul>\n\n\n\n<figure class=\"wp-block-image size-large is-resized is-style-rounded\"><img loading=\"lazy\" decoding=\"async\" src=\"https:\/\/elnclassrooms.ee\/wp-content\/uploads\/2021\/02\/ELN-CLASSROOMS-LOGO.png\" alt=\"\" class=\"wp-image-88\" width=\"211\" height=\"211\" srcset=\"https:\/\/elnclassrooms.ee\/wp-content\/uploads\/2021\/02\/ELN-CLASSROOMS-LOGO.png 800w, https:\/\/elnclassrooms.ee\/wp-content\/uploads\/2021\/02\/ELN-CLASSROOMS-LOGO-300x300.png 300w, https:\/\/elnclassrooms.ee\/wp-content\/uploads\/2021\/02\/ELN-CLASSROOMS-LOGO-150x150.png 150w, https:\/\/elnclassrooms.ee\/wp-content\/uploads\/2021\/02\/ELN-CLASSROOMS-LOGO-768x768.png 768w\" sizes=\"auto, (max-width: 211px) 85vw, 211px\" \/><figcaption>The ELN Classrooms<\/figcaption><\/figure>\n\n\n\n<p><strong>+ video sellest, kuidas t\u00f6\u00f6tab <\/strong>(lisatakse l\u00e4hiajal)<\/p>\n\n\n\n<ul class=\"wp-block-list\"><li>oma poolt v\u00e4lja t\u00f6\u00f6tatud e-\u00f5ppekeskkond <strong>(the) ELN Writing Module<\/strong>, mis asub aadressil <a href=\"http:\/\/writing.study-english-online.net\">writing.study-english-online.net<\/a> Seal toimuvad e-tunnid reaalajas Skype-i v\u00f5i Zoom-i vahendusel nendega, kellel on vaja oma kirjaoskust \u00e4ra parandada ja omi kirjalikke t\u00f6id reaalajas \u00f5petajaga koos arutleda ja redigeerida<\/li><\/ul>\n\n\n\n<figure class=\"wp-block-image size-large is-resized\"><img loading=\"lazy\" decoding=\"async\" src=\"https:\/\/elnclassrooms.ee\/wp-content\/uploads\/2021\/02\/ELN-WRITING-MODULE.png\" alt=\"\" class=\"wp-image-89\" width=\"215\" height=\"224\" srcset=\"https:\/\/elnclassrooms.ee\/wp-content\/uploads\/2021\/02\/ELN-WRITING-MODULE.png 600w, https:\/\/elnclassrooms.ee\/wp-content\/uploads\/2021\/02\/ELN-WRITING-MODULE-288x300.png 288w\" sizes=\"auto, (max-width: 215px) 85vw, 215px\" \/><figcaption>The ELN Writing Module<\/figcaption><\/figure>\n\n\n\n<p><strong>+ video sellest, kuidas t\u00f6\u00f6tab <\/strong>(lisatakse l\u00e4hiajal)<\/p>\n\n\n\n<ul class=\"wp-block-list\"><li>Moodle-p\u00f5hist e-\u00f5ppekeskkond <strong>(the) ELN Gym<\/strong>, mis asub aadressil <a href=\"https:\/\/gym.englishlab.net\">gym.englishlab.net <\/a>. Seal asuvad tasemetestid ja koduseks t\u00f6\u00f6ks m\u00f5eldud grammatika ja s\u00f5navara harjutusvara neile, kellel on vaja rohkem harjutamist <em>live<\/em>-tundide vahel<\/li><\/ul>\n\n\n\n<figure class=\"wp-block-image size-large is-resized\"><img loading=\"lazy\" decoding=\"async\" src=\"https:\/\/elnclassrooms.ee\/wp-content\/uploads\/2021\/02\/eln-gym-logo.png\" alt=\"\" class=\"wp-image-90\" width=\"223\" height=\"224\" srcset=\"https:\/\/elnclassrooms.ee\/wp-content\/uploads\/2021\/02\/eln-gym-logo.png 600w, https:\/\/elnclassrooms.ee\/wp-content\/uploads\/2021\/02\/eln-gym-logo-300x300.png 300w, https:\/\/elnclassrooms.ee\/wp-content\/uploads\/2021\/02\/eln-gym-logo-150x150.png 150w\" sizes=\"auto, (max-width: 223px) 85vw, 223px\" \/><figcaption>The ELN Gym<\/figcaption><\/figure>\n\n\n\n<p><strong>+ video sellest, kuidas t\u00f6\u00f6tab <\/strong>(lisatakse l\u00e4hiajal)<\/p>\n\n\n\n<p><\/p>\n","protected":false},"excerpt":{"rendered":"<p>VLE &#8212; \u044d\u0442\u043e \u0441\u043e\u043a\u0440\u0430\u0449\u0435\u043d\u0438\u0435 \u0430\u043d\u0433\u043b\u0438\u0439\u0441\u043a\u043e\u0433\u043e \u0442\u0435\u0440\u043c\u0438\u043d\u0430 Virtual Learning Environment, \u043a\u043e\u0442\u043e\u0440\u044b\u0439 \u0432 \u0440\u0443\u0441\u0441\u043a\u043e\u043c \u044f\u0437\u044b\u043a\u0435 \u0441\u043e\u043e\u0442\u0432\u0435\u0442\u0441\u0442\u0432\u0443\u0435\u0442 \u043f\u043e\u043d\u044f\u0442\u0438\u044e &#171;\u0432\u0438\u0440\u0442\u0443\u0430\u043b\u044c\u043d\u0430\u044f \u043e\u0431\u0443\u0447\u0430\u044e\u0449\u0430\u044f \u0441\u0440\u0435\u0434\u0430&#187;. ELN &#8212; \u044d\u0442\u043e \u043a\u0440\u0430\u0442\u043a\u043e\u0435 \u043d\u0430\u0437\u0432\u0430\u043d\u0438\u0435 EnglishLab.Net \u00d5ppekeskkonnad veebis v\u00f5imaldavad \u00f5pet osaliselt v\u00f5i t\u00e4ielikult l\u00e4bi viia veebip\u00f5hiselt. E-\u00f5ppe keskkondade puhul on tegemist terviklike s\u00fcsteemidega, mis v\u00f5imaldavad kogu \u00f5ppetegevust l\u00e4bi viia \u00fches keskkonnas. E-\u00f5ppe kvaliteedi tagamiseks kasutab EnglishLab.Net O\u00dc &hellip; <a href=\"https:\/\/elnclassrooms.ee\/ru\/the-eln-vle-ru\/\" class=\"more-link\">\u0427\u0438\u0442\u0430\u0442\u044c \u0434\u0430\u043b\u0435\u0435<span class=\"screen-reader-text\"> \u00abThe ELN VLE\u00bb<\/span><\/a><\/p>\n","protected":false},"author":1,"featured_media":0,"parent":0,"menu_order":0,"comment_status":"closed","ping_status":"closed","template":"","meta":{"footnotes":""},"class_list":["post-239","page","type-page","status-publish","hentry"],"_links":{"self":[{"href":"https:\/\/elnclassrooms.ee\/ru\/wp-json\/wp\/v2\/pages\/239","targetHints":{"allow":["GET"]}}],"collection":[{"href":"https:\/\/elnclassrooms.ee\/ru\/wp-json\/wp\/v2\/pages"}],"about":[{"href":"https:\/\/elnclassrooms.ee\/ru\/wp-json\/wp\/v2\/types\/page"}],"author":[{"embeddable":true,"href":"https:\/\/elnclassrooms.ee\/ru\/wp-json\/wp\/v2\/users\/1"}],"replies":[{"embeddable":true,"href":"https:\/\/elnclassrooms.ee\/ru\/wp-json\/wp\/v2\/comments?post=239"}],"version-history":[{"count":3,"href":"https:\/\/elnclassrooms.ee\/ru\/wp-json\/wp\/v2\/pages\/239\/revisions"}],"predecessor-version":[{"id":246,"href":"https:\/\/elnclassrooms.ee\/ru\/wp-json\/wp\/v2\/pages\/239\/revisions\/246"}],"wp:attachment":[{"href":"https:\/\/elnclassrooms.ee\/ru\/wp-json\/wp\/v2\/media?parent=239"}],"curies":[{"name":"wp","href":"https:\/\/api.w.org\/{rel}","templated":true}]}}