{"id":349,"date":"2021-02-06T22:29:18","date_gmt":"2021-02-06T22:29:18","guid":{"rendered":"https:\/\/elnclassrooms.ee\/?page_id=349"},"modified":"2021-02-21T10:16:31","modified_gmt":"2021-02-21T10:16:31","slug":"oplata","status":"publish","type":"page","link":"https:\/\/elnclassrooms.ee\/ru\/oplata\/","title":{"rendered":"\u041e\u043f\u043b\u0430\u0442\u0430"},"content":{"rendered":"\n<h2 class=\"wp-block-heading\">\u041a\u0430\u043a \u043f\u0440\u043e\u0438\u0437\u0432\u043e\u0434\u0438\u0442\u0441\u044f \u043e\u043f\u043b\u0430\u0442\u0430<\/h2>\n\n\n\n<p>\u041e\u043f\u043b\u0430\u0442\u0430 \u0437\u0430 \u043e\u0431\u0443\u0447\u0435\u043d\u0438\u0435 \u043f\u0440\u043e\u0438\u0437\u0432\u043e\u0434\u0438\u0442\u0441\u044f \u043d\u0430 \u043e\u0441\u043d\u043e\u0432\u0430\u043d\u0438\u0438 \u0441\u0447\u0451\u0442\u0430-\u0444\u0430\u043a\u0442\u0443\u0440\u044b (\u0438\u043d\u0432\u043e\u0439\u0441\u0430) \u0434\u043e \u043d\u0430\u0447\u0430\u043b\u0430 \u043e\u0431\u0443\u0447\u0435\u043d\u0438\u044f \u0441 \u0443\u0447\u0451\u0442\u043e\u043c \u0441\u043e\u0433\u043b\u0430\u0441\u043e\u0432\u0430\u043d\u043d\u043e\u0433\u043e \u0441\u0442\u043e\u0440\u043e\u043d\u0430\u043c\u0438 \u0441\u0440\u043e\u043a\u0430 \u0438\u043b\u0438 \u0433\u0440\u0430\u0444\u0438\u043a\u0430 \u043e\u043f\u043b\u0430\u0442\u044b. <\/p>\n\n\n\n<p>\u041e\u043f\u043b\u0430\u0442\u0443 \u043d\u0430 \u043e\u0441\u043d\u043e\u0432\u0430\u043d\u0438\u0438 \u0441\u0447\u0451\u0442\u0430-\u0444\u0430\u043a\u0442\u0443\u0440\u044b \u043c\u043e\u0436\u043d\u043e \u043f\u0440\u043e\u0438\u0437\u0432\u0435\u0441\u0442\u0438 \u0431\u0430\u043d\u043a\u043e\u0432\u0441\u043a\u0438\u043c \u043f\u0435\u0440\u0435\u0432\u043e\u0434\u043e\u043c \u043d\u0430 \u0431\u0430\u043d\u043a\u043e\u0432\u0441\u043a\u0438\u0439 \u0441\u0447\u0451\u0442 \u0448\u043a\u043e\u043b\u044b \u0438\u043b\u0438 \u0432 \u0441\u0438\u0441\u0442\u0435\u043c\u0435 Paypal \u043d\u0430 \u0431\u0438\u0437\u043d\u0435\u0441 Paypal-c\u0447\u0451\u0442 \u0448\u043a\u043e\u043b\u044b. <\/p>\n\n\n\n<p>\u0417\u0430\u043a\u0430\u0437\u0447\u0438\u043a \u043e\u0431\u044f\u0437\u0443\u0435\u0442\u0441\u044f \u043f\u0440\u0435\u0434\u043e\u0441\u0442\u0430\u0432\u0438\u0442\u044c \u0432 \u043f\u0440\u043e\u0446\u0435\u0441\u0441\u0435 \u0440\u0435\u0433\u0438\u0441\u0442\u0440\u0430\u0446\u0438\u0438 \u043d\u0430 \u0438\u043d\u0442\u0435\u0440\u0435\u0441\u0443\u044e\u0449\u0438\u0439 \u043a\u0443\u0440\u0441 \u0431\u0443\u0445\u0433\u0430\u043b\u0442\u0435\u0440\u0438\u0438 \u0448\u043a\u043e\u043b\u044b \u043a\u043e\u0440\u0440\u0435\u043a\u0442\u043d\u044b\u0435 \u043d\u0435\u043e\u0431\u0445\u043e\u0434\u0438\u043c\u044b\u0435 \u0434\u0430\u043d\u043d\u044b\u0435 \u043f\u043b\u0430\u0442\u0435\u043b\u044c\u0449\u0438\u043a\u0430 \u0434\u043e \u0432\u044b\u0441\u0442\u0430\u0432\u043b\u0435\u043d\u0438\u044f \u0441\u0447\u0451\u0442\u0430. <\/p>\n\n\n\n<h2 class=\"wp-block-heading\">\u041e\u0441\u0432\u043e\u0431\u043e\u0436\u0434\u0435\u043d\u0438\u0435 \u043e\u0442 \u043e\u043f\u043b\u0430\u0442\u044b <\/h2>\n\n\n\n<p>\u041e\u0442 \u043f\u043b\u0430\u0442\u044b \u0437\u0430 \u043e\u0431\u0443\u0447\u0435\u043d\u0438\u0435 \u043c\u043e\u0436\u0435\u0442 \u0431\u044b\u0442\u044c \u043e\u0441\u0432\u043e\u0431\u043e\u0436\u0434\u0451\u043d \u043f\u043e\u043b\u043d\u043e\u0441\u0442\u044c\u044e \u0438\u043b\u0438 \u0447\u0430\u0441\u0442\u0438\u0447\u043d\u043e \u043a\u043b\u0438\u0435\u043d\u0442, \u043f\u0440\u0438\u043e\u0431\u0440\u0435\u0442\u0430\u044e\u0449\u0438\u0439 \u0443\u0440\u043e\u043a\u0438 \u0441\u043e \u0441\u043a\u0438\u0434\u043a\u043e\u0439 \u043f\u043e \u043f\u0440\u043e\u043c\u043e\u0430\u043a\u0446\u0438\u0438. <\/p>\n\n\n\n<h2 class=\"wp-block-heading\">\u041d\u0410\u041b\u041e\u0413 \u0421 \u041e\u0411\u041e\u0420\u041e\u0422\u0410<\/h2>\n\n\n\n<p>\u0412 \u042d\u0441\u0442\u043e\u043d\u0438\u0438 \u0442\u043e\u0432\u0430\u0440\u044b \u0438 \u0443\u0441\u043b\u0443\u0433\u0438 \u043e\u0431\u043b\u0430\u0433\u0430\u044e\u0442\u0441\u044f \u043d\u0430\u043b\u043e\u0433\u043e\u043c \u0441 \u043e\u0431\u043e\u0440\u043e\u0442\u0430 (\u041d\u0421\u041e) \u043f\u043e \u0441\u0442\u0430\u0432\u043a\u0435 20% \u043e\u0442 \u0441\u0442\u043e\u0438\u043c\u043e\u0441\u0442\u0438. <\/p>\n\n\n\n<p>\u042e\u0440\u0438\u0434\u0438\u0447\u0435\u0441\u043a\u0438\u043c \u043b\u0438\u0446\u0430\u043c (\u0444\u0438\u0440\u043c\u0430\u043c), \u0437\u0430\u0440\u0435\u0433\u0438\u0441\u0442\u0440\u0438\u0440\u043e\u0432\u0430\u043d\u043d\u044b\u043c \u0432 \u042d\u0441\u0442\u043e\u043d\u0438\u0438 \u0438 \u0438\u043c\u0435\u044e\u0449\u0438\u043c KMKR, \u044d\u0442\u043e\u0442 \u043d\u0430\u043b\u043e\u0433 \u0432\u043a\u043b\u044e\u0447\u0430\u0435\u0442\u0441\u044f \u0432 \u0441\u0447\u0451\u0442, \u043d\u043e \u0432\u043e\u0437\u0432\u0440\u0430\u0449\u0430\u0435\u0442\u0441\u044f \u043d\u0430\u043b\u043e\u0433\u043e\u0432\u044b\u043c \u0434\u0435\u043f\u0430\u0440\u0442\u0430\u043c\u0435\u043d\u0442\u043e\u043c \u043f\u043e\u0441\u043b\u0435 20 \u0447\u0438\u0441\u043b\u0430 \u043c\u0435\u0441\u044f\u0446\u0430, \u0441\u043b\u0435\u0434\u0443\u044e\u0449\u0435\u0433\u043e \u0437\u0430 \u043c\u0435\u0441\u044f\u0446\u0435\u043c, \u043a\u043e\u0433\u0434\u0430 \u043f\u0440\u043e\u0438\u0437\u0432\u043e\u0434\u0438\u0442\u0441\u044f \u043e\u043f\u043b\u0430\u0442\u0430. \u0412\u0441\u0435\u0433\u0434\u0430 \u0443\u0442\u043e\u0447\u043d\u044f\u0439\u0442\u0435 \u0441 \u0432\u0430\u0448\u0438\u043c \u0440\u0430\u0431\u043e\u0442\u043e\u0434\u0430\u0442\u0435\u043b\u0435\u043c, \u043c\u043e\u0436\u043d\u043e \u043b\u0438 \u0432\u0437\u044f\u0442\u044c \u0441\u0447\u0451\u0442 \u043d\u0430 \u0444\u0438\u0440\u043c\u0443. <\/p>\n\n\n\n<p>\u0412 \u0441\u0447\u0451\u0442-\u0444\u0430\u043a\u0442\u0443\u0440\u0443 \u043d\u0430 \u0444\u0438\u0440\u043c\u0443, \u0437\u0430\u0440\u0435\u0433\u0438\u0441\u0442\u0440\u0438\u0440\u043e\u0432\u0430\u043d\u043d\u0443\u044e \u043d\u0435 \u0432 \u042d\u0441\u0442\u043e\u043d\u0438\u0438, \u041d\u0421\u041e \u043e\u0431\u044b\u0447\u043d\u043e \u043d\u0435 \u0432\u043a\u043b\u044e\u0447\u0430\u0435\u0442\u0441\u044f. \u0422\u0430\u043a\u0436\u0435 \u043e\u0431\u044b\u0447\u043d\u043e \u043c\u043e\u0436\u043d\u043e \u0432\u0437\u044f\u0442\u044c \u0442\u0430\u043a\u043e\u0439 \u0431\u0435\u0437\u043d\u0430\u043b\u043e\u0433\u043e\u0432\u044b\u0439 \u0441\u0447\u0451\u0442 \u043d\u0430 \u0438\u043d\u0434\u0438\u0432\u0438\u0434\u0443\u0430\u043b\u044c\u043d\u043e\u0433\u043e \u043f\u0440\u0435\u0434\u043f\u0440\u0438\u043d\u0438\u043c\u0430\u0442\u0435\u043b\u044f \u0432 \u0434\u0440\u0443\u0433\u0438\u0445 \u0441\u0442\u0440\u0430\u043d\u0430\u0445. \u041f\u043e\u0434\u0440\u043e\u0431\u043d\u0435\u0435 \u043c\u043e\u0436\u043d\u043e \u043f\u0440\u043e\u043a\u043e\u043d\u0441\u0443\u043b\u044c\u0442\u0438\u0440\u043e\u0432\u0430\u0442\u044c \u043f\u0440\u0438 \u0440\u0430\u0441\u0441\u043c\u043e\u0442\u0440\u0435\u043d\u0438\u0438 \u0432\u0430\u0448\u0435\u0439 \u0437\u0430\u044f\u0432\u043a\u0438 \u043d\u0430 \u043e\u0431\u0443\u0447\u0435\u043d\u0438\u0435. <\/p>\n\n\n\n<p>\u0412 \u0441\u043b\u0443\u0447\u0430\u0435, \u0435\u0441\u043b\u0438 \u0437\u0430\u043a\u0430\u0437\u0447\u0438\u043a (\u0444\u0438\u0437\u0438\u0447\u0435\u0441\u043a\u043e\u0435 \u043b\u0438\u0446\u043e \u043d\u0435 \u043f\u0440\u0435\u0434\u043f\u0440\u0438\u043d\u0438\u043c\u0430\u0442\u0435\u043b\u044c) \u043d\u0435 \u044f\u0432\u043b\u044f\u0435\u0442\u0441\u044f \u043d\u0430\u043b\u043e\u0433\u043e\u0432\u044b\u043c \u0440\u0435\u0437\u0438\u0434\u0435\u043d\u0442\u043e\u043c \u042d\u0441\u0442\u043e\u043d\u0438\u0438, \u0441\u043f\u0440\u0430\u0432\u043a\u0443 \u043e \u0440\u0435\u0437\u0438\u0434\u0435\u043d\u0442\u0432\u0435 \u0441 \u0434\u0430\u0442\u043e\u0439 \u0432\u044b\u0434\u0430\u0447\u0438 \u043d\u0435 \u0441\u0442\u0430\u0440\u0448\u0435 182 \u0434\u043d\u0435\u0439 \u0434\u043e \u0441\u0440\u043e\u043a\u0430 \u043e\u043f\u043b\u0430\u0442\u044b \u0441\u043b\u0435\u0434\u0443\u0435\u0442 \u043f\u0440\u0435\u0434\u043e\u0441\u0442\u0430\u0432\u0438\u0442\u044c \u0414\u041e \u0432\u044b\u0441\u0442\u0430\u0432\u043b\u0435\u043d\u0438\u044f \u0441\u0447\u0451\u0442\u0430-\u0444\u0430\u043a\u0442\u0443\u0440\u044b. \u041e \u0442\u043e\u043c, \u043a\u0430\u043a \u043f\u043e\u043b\u0443\u0447\u0438\u0442\u044c \u0441\u043f\u0440\u0430\u0432\u043a\u0443 \u043d\u0430\u043b\u043e\u0433\u043e\u0432\u043e\u0433\u043e \u0440\u0435\u0437\u0438\u0434\u0435\u043d\u0442\u0430 \u0432 \u0440\u0430\u0437\u043d\u044b\u0445 \u0441\u0442\u0440\u0430\u043d\u0430\u0445, \u0441\u043c\u043e\u0442\u0440\u0438\u0442\u0435 \u0432 \u0440\u0430\u0437\u0434\u0435\u043b\u0435 \u043e \u043d\u0430\u043b\u043e\u0433\u0430\u0445. <\/p>\n\n\n\n<h2 class=\"wp-block-heading\">Milline on \u00f5ppetasu tagastamise tingimused ja kord?<\/h2>\n\n\n\n<p>Kui koolitusele registreerunul ei ole v\u00f5imalik koolitusest osa v\u00f5tta, tuleb sellest teavitada koolituskeskust e-kirja teel (lessons@englishlab.net).<\/p>\n\n\n\n<p>Koolitusest loobumise teatamisel v\u00e4hemalt 14 p\u00e4eva enne koolituse algust tagastatakse 100% \u00f5ppemaksust. Teatamisel v\u00e4hemalt 3 p\u00e4eva enne koolituse algust tagastatakse 50% \u00f5ppemaksust. Hilisemal teatamisel \u00f5ppemaksu ei tagastata.<\/p>\n\n\n\n<p>EnglishLab.Net O\u00dc j\u00e4tab endale \u00f5iguse v\u00e4heste osalejate t\u00f5ttu koolitusi \u00e4ra j\u00e4tta v\u00f5i nende algust edasi l\u00fckata. \u00c4raj\u00e4\u00e4nud koolituse eest tasutud summa makstakse tagasi t\u00e4ies ulatuses v\u00f5i kantakse soovi korral \u00fcle m\u00f5ne teise koolituse osav\u00f5tutasuks.<\/p>\n\n\n\n<h2 class=\"wp-block-heading\">\u041f\u0420\u0415\u0419\u0421\u041a\u0423\u0420\u0410\u041d\u0422 (\u0440\u0430\u0441\u0446\u0435\u043d\u043a\u0438) <\/h2>\n\n\n\n<p><strong>\u0426\u0435\u043d\u044b \u043d\u0430 \u0443\u0440\u043e\u043a\u0438 <\/strong>\u0432 \u0442\u0435\u043a\u0443\u0449\u0435\u043c \u0443\u0447\u0435\u0431\u043d\u043e\u043c \u0433\u043e\u0434\u0443 \u043c\u043e\u0436\u043d\u043e \u043f\u043e\u0441\u043c\u043e\u0442\u0440\u0435\u0442\u044c \u0432 \u0440\u0430\u0437\u0434\u0435\u043b\u0435 &#171;<a href=\"https:\/\/elnclassrooms.ee\/ru\/cena\/\">\u0421\u043a\u043e\u043b\u044c\u043a\u043e \u0441\u0442\u043e\u0438\u0442?<\/a>&#171;<\/p>\n","protected":false},"excerpt":{"rendered":"<p>\u041a\u0430\u043a \u043f\u0440\u043e\u0438\u0437\u0432\u043e\u0434\u0438\u0442\u0441\u044f \u043e\u043f\u043b\u0430\u0442\u0430 \u041e\u043f\u043b\u0430\u0442\u0430 \u0437\u0430 \u043e\u0431\u0443\u0447\u0435\u043d\u0438\u0435 \u043f\u0440\u043e\u0438\u0437\u0432\u043e\u0434\u0438\u0442\u0441\u044f \u043d\u0430 \u043e\u0441\u043d\u043e\u0432\u0430\u043d\u0438\u0438 \u0441\u0447\u0451\u0442\u0430-\u0444\u0430\u043a\u0442\u0443\u0440\u044b (\u0438\u043d\u0432\u043e\u0439\u0441\u0430) \u0434\u043e \u043d\u0430\u0447\u0430\u043b\u0430 \u043e\u0431\u0443\u0447\u0435\u043d\u0438\u044f \u0441 \u0443\u0447\u0451\u0442\u043e\u043c \u0441\u043e\u0433\u043b\u0430\u0441\u043e\u0432\u0430\u043d\u043d\u043e\u0433\u043e \u0441\u0442\u043e\u0440\u043e\u043d\u0430\u043c\u0438 \u0441\u0440\u043e\u043a\u0430 \u0438\u043b\u0438 \u0433\u0440\u0430\u0444\u0438\u043a\u0430 \u043e\u043f\u043b\u0430\u0442\u044b. \u041e\u043f\u043b\u0430\u0442\u0443 \u043d\u0430 \u043e\u0441\u043d\u043e\u0432\u0430\u043d\u0438\u0438 \u0441\u0447\u0451\u0442\u0430-\u0444\u0430\u043a\u0442\u0443\u0440\u044b \u043c\u043e\u0436\u043d\u043e \u043f\u0440\u043e\u0438\u0437\u0432\u0435\u0441\u0442\u0438 \u0431\u0430\u043d\u043a\u043e\u0432\u0441\u043a\u0438\u043c \u043f\u0435\u0440\u0435\u0432\u043e\u0434\u043e\u043c \u043d\u0430 \u0431\u0430\u043d\u043a\u043e\u0432\u0441\u043a\u0438\u0439 \u0441\u0447\u0451\u0442 \u0448\u043a\u043e\u043b\u044b \u0438\u043b\u0438 \u0432 \u0441\u0438\u0441\u0442\u0435\u043c\u0435 Paypal \u043d\u0430 \u0431\u0438\u0437\u043d\u0435\u0441 Paypal-c\u0447\u0451\u0442 \u0448\u043a\u043e\u043b\u044b. \u0417\u0430\u043a\u0430\u0437\u0447\u0438\u043a \u043e\u0431\u044f\u0437\u0443\u0435\u0442\u0441\u044f \u043f\u0440\u0435\u0434\u043e\u0441\u0442\u0430\u0432\u0438\u0442\u044c \u0432 \u043f\u0440\u043e\u0446\u0435\u0441\u0441\u0435 \u0440\u0435\u0433\u0438\u0441\u0442\u0440\u0430\u0446\u0438\u0438 \u043d\u0430 \u0438\u043d\u0442\u0435\u0440\u0435\u0441\u0443\u044e\u0449\u0438\u0439 \u043a\u0443\u0440\u0441 \u0431\u0443\u0445\u0433\u0430\u043b\u0442\u0435\u0440\u0438\u0438 \u0448\u043a\u043e\u043b\u044b \u043a\u043e\u0440\u0440\u0435\u043a\u0442\u043d\u044b\u0435 \u043d\u0435\u043e\u0431\u0445\u043e\u0434\u0438\u043c\u044b\u0435 &hellip; <a href=\"https:\/\/elnclassrooms.ee\/ru\/oplata\/\" class=\"more-link\">\u0427\u0438\u0442\u0430\u0442\u044c \u0434\u0430\u043b\u0435\u0435<span class=\"screen-reader-text\"> \u00ab\u041e\u043f\u043b\u0430\u0442\u0430\u00bb<\/span><\/a><\/p>\n","protected":false},"author":1,"featured_media":0,"parent":0,"menu_order":0,"comment_status":"closed","ping_status":"closed","template":"","meta":{"footnotes":""},"class_list":["post-349","page","type-page","status-publish","hentry"],"_links":{"self":[{"href":"https:\/\/elnclassrooms.ee\/ru\/wp-json\/wp\/v2\/pages\/349","targetHints":{"allow":["GET"]}}],"collection":[{"href":"https:\/\/elnclassrooms.ee\/ru\/wp-json\/wp\/v2\/pages"}],"about":[{"href":"https:\/\/elnclassrooms.ee\/ru\/wp-json\/wp\/v2\/types\/page"}],"author":[{"embeddable":true,"href":"https:\/\/elnclassrooms.ee\/ru\/wp-json\/wp\/v2\/users\/1"}],"replies":[{"embeddable":true,"href":"https:\/\/elnclassrooms.ee\/ru\/wp-json\/wp\/v2\/comments?post=349"}],"version-history":[{"count":6,"href":"https:\/\/elnclassrooms.ee\/ru\/wp-json\/wp\/v2\/pages\/349\/revisions"}],"predecessor-version":[{"id":361,"href":"https:\/\/elnclassrooms.ee\/ru\/wp-json\/wp\/v2\/pages\/349\/revisions\/361"}],"wp:attachment":[{"href":"https:\/\/elnclassrooms.ee\/ru\/wp-json\/wp\/v2\/media?parent=349"}],"curies":[{"name":"wp","href":"https:\/\/api.w.org\/{rel}","templated":true}]}}