{"id":414,"date":"2021-02-08T11:07:08","date_gmt":"2021-02-08T11:07:08","guid":{"rendered":"https:\/\/elnclassrooms.ee\/?page_id=414"},"modified":"2022-07-02T20:50:34","modified_gmt":"2022-07-02T20:50:34","slug":"anastasia-stacey-andros","status":"publish","type":"page","link":"https:\/\/elnclassrooms.ee\/ru\/teachers\/anastasia-stacey-andros\/","title":{"rendered":"Anastasia Stacey Andros"},"content":{"rendered":"\n<p><strong>inglise keele kui v\u00f5\u00f5rkeele e-\u00f5petaja-metoodik, kogenud IELTS ja CAE tuutor, haridustehnoloog<\/strong>; t\u00e4iskasvanute eesti keele kui v\u00f5\u00f5rkeele \u00f5petaja, keeleoskused &#8212; inglise keel C2, vene keel C2, eesti keel C1.2<\/p>\n\n\n\n<figure class=\"wp-block-image is-resized\"><img loading=\"lazy\" decoding=\"async\" src=\"https:\/\/elnclassrooms.ee\/wp-content\/uploads\/2021\/02\/Stacey.jpg\" alt=\"This image has an empty alt attribute; its file name is Stacey.jpg\" width=\"400\" height=\"400\"\/><figcaption>English as a Foreign Language teacher, e-teacher trainer, IELTS tutor, educational technologist, Estonian as a Foreign Language teacher<\/figcaption><\/figure>\n\n\n\n<p>Seisuga 02.07.2022 olen Tartu \u00dclikooli magistrant, \u00f5pin haridustehnoloogiat. Mul on k\u00f5ik kursused tehtud v.a. magistrit\u00f6\u00f6<\/p>\n\n\n\n<figure class=\"wp-block-image size-full\"><img loading=\"lazy\" decoding=\"async\" width=\"571\" height=\"772\" src=\"https:\/\/elnclassrooms.ee\/wp-content\/uploads\/2022\/07\/image-1.png\" alt=\"\" class=\"wp-image-695\" srcset=\"https:\/\/elnclassrooms.ee\/wp-content\/uploads\/2022\/07\/image-1.png 571w, https:\/\/elnclassrooms.ee\/wp-content\/uploads\/2022\/07\/image-1-222x300.png 222w\" sizes=\"auto, (max-width: 571px) 85vw, 571px\" \/><\/figure>\n\n\n\n<p>Eesti keele kui v\u00f5\u00f5rkeele \u00f5petaja kursusi l\u00e4bisin Tartu \u00dclikoolis 2021-22 \u00f5.a. vabaainete vormis, selle kohta on olemas T\u00dc poolt v\u00e4ljastatud eraldi t\u00f5end<\/p>\n\n\n\n<figure class=\"wp-block-image size-full\"><img loading=\"lazy\" decoding=\"async\" width=\"762\" height=\"667\" src=\"https:\/\/elnclassrooms.ee\/wp-content\/uploads\/2022\/07\/image.png\" alt=\"\" class=\"wp-image-692\" srcset=\"https:\/\/elnclassrooms.ee\/wp-content\/uploads\/2022\/07\/image.png 762w, https:\/\/elnclassrooms.ee\/wp-content\/uploads\/2022\/07\/image-300x263.png 300w\" sizes=\"auto, (max-width: 762px) 85vw, 762px\" \/><\/figure>\n\n\n\n<figure class=\"wp-block-image size-large is-resized\"><img decoding=\"async\" src=\"https:\/\/elnclassrooms.ee\/wp-content\/uploads\/2021\/02\/anastasia_andros_staceyeln_manchester_university_ma_tesol.jpg\" alt=\"\" class=\"wp-image-50\" width=\"600\" srcset=\"https:\/\/elnclassrooms.ee\/wp-content\/uploads\/2021\/02\/anastasia_andros_staceyeln_manchester_university_ma_tesol.jpg 800w, https:\/\/elnclassrooms.ee\/wp-content\/uploads\/2021\/02\/anastasia_andros_staceyeln_manchester_university_ma_tesol-300x210.jpg 300w, https:\/\/elnclassrooms.ee\/wp-content\/uploads\/2021\/02\/anastasia_andros_staceyeln_manchester_university_ma_tesol-768x539.jpg 768w\" sizes=\"(max-width: 800px) 85vw, 800px\" \/><figcaption>MA TESOL and Educational Technology, 2012, Manchester University<\/figcaption><\/figure>\n\n\n\n<figure class=\"wp-block-image size-large is-resized\"><img decoding=\"async\" src=\"https:\/\/elnclassrooms.ee\/wp-content\/uploads\/2021\/02\/ciue-1024x709.jpg\" alt=\"\" class=\"wp-image-52\" width=\"600\" srcset=\"https:\/\/elnclassrooms.ee\/wp-content\/uploads\/2021\/02\/ciue-1024x709.jpg 1024w, https:\/\/elnclassrooms.ee\/wp-content\/uploads\/2021\/02\/ciue-300x208.jpg 300w, https:\/\/elnclassrooms.ee\/wp-content\/uploads\/2021\/02\/ciue-768x532.jpg 768w, https:\/\/elnclassrooms.ee\/wp-content\/uploads\/2021\/02\/ciue-1200x831.jpg 1200w, https:\/\/elnclassrooms.ee\/wp-content\/uploads\/2021\/02\/ciue.jpg 1280w\" sizes=\"(max-width: 709px) 85vw, (max-width: 909px) 67vw, (max-width: 1362px) 62vw, 840px\" \/><figcaption>BA International Business, 1999, Concordia International University Estonia<\/figcaption><\/figure>\n\n\n\n<p><strong>Muud kvalifikatsiooni t\u00f5endavad dokumendid <\/strong><\/p>\n\n\n\n<figure class=\"wp-block-gallery has-nested-images columns-5 is-cropped wp-block-gallery-1 is-layout-flex wp-block-gallery-is-layout-flex\">\n<figure class=\"wp-block-image size-large\"><img loading=\"lazy\" decoding=\"async\" width=\"727\" height=\"1024\" data-id=\"54\" src=\"https:\/\/elnclassrooms.ee\/wp-content\/uploads\/2021\/02\/Bell-727x1024.jpg\" alt=\"\" class=\"wp-image-54\" srcset=\"https:\/\/elnclassrooms.ee\/wp-content\/uploads\/2021\/02\/Bell-727x1024.jpg 727w, https:\/\/elnclassrooms.ee\/wp-content\/uploads\/2021\/02\/Bell-213x300.jpg 213w, https:\/\/elnclassrooms.ee\/wp-content\/uploads\/2021\/02\/Bell-768x1082.jpg 768w, https:\/\/elnclassrooms.ee\/wp-content\/uploads\/2021\/02\/Bell-1090x1536.jpg 1090w, https:\/\/elnclassrooms.ee\/wp-content\/uploads\/2021\/02\/Bell-1200x1690.jpg 1200w, https:\/\/elnclassrooms.ee\/wp-content\/uploads\/2021\/02\/Bell.jpg 1363w\" sizes=\"auto, (max-width: 727px) 85vw, 727px\" \/><\/figure>\n\n\n\n<figure class=\"wp-block-image size-large\"><img loading=\"lazy\" decoding=\"async\" width=\"719\" height=\"1024\" data-id=\"56\" src=\"https:\/\/elnclassrooms.ee\/wp-content\/uploads\/2021\/02\/FTBE.jpg\" alt=\"\" class=\"wp-image-56\" srcset=\"https:\/\/elnclassrooms.ee\/wp-content\/uploads\/2021\/02\/FTBE.jpg 719w, https:\/\/elnclassrooms.ee\/wp-content\/uploads\/2021\/02\/FTBE-211x300.jpg 211w\" sizes=\"auto, (max-width: 719px) 85vw, 719px\" \/><\/figure>\n\n\n\n<figure class=\"wp-block-image size-large\"><img loading=\"lazy\" decoding=\"async\" width=\"626\" height=\"960\" data-id=\"53\" src=\"https:\/\/elnclassrooms.ee\/wp-content\/uploads\/2021\/02\/1601362472553.jpg\" alt=\"\" class=\"wp-image-53\" srcset=\"https:\/\/elnclassrooms.ee\/wp-content\/uploads\/2021\/02\/1601362472553.jpg 626w, https:\/\/elnclassrooms.ee\/wp-content\/uploads\/2021\/02\/1601362472553-196x300.jpg 196w\" sizes=\"auto, (max-width: 626px) 85vw, 626px\" \/><\/figure>\n\n\n\n<figure class=\"wp-block-image size-large\"><img loading=\"lazy\" decoding=\"async\" width=\"743\" height=\"1024\" data-id=\"61\" src=\"https:\/\/elnclassrooms.ee\/wp-content\/uploads\/2021\/02\/ielts9.jpg\" alt=\"\" class=\"wp-image-61\" srcset=\"https:\/\/elnclassrooms.ee\/wp-content\/uploads\/2021\/02\/ielts9.jpg 743w, https:\/\/elnclassrooms.ee\/wp-content\/uploads\/2021\/02\/ielts9-218x300.jpg 218w\" sizes=\"auto, (max-width: 743px) 85vw, 743px\" \/><\/figure>\n\n\n\n<figure class=\"wp-block-image size-large\"><img loading=\"lazy\" decoding=\"async\" width=\"720\" height=\"1024\" data-id=\"60\" src=\"https:\/\/elnclassrooms.ee\/wp-content\/uploads\/2021\/02\/IELTS2.jpg\" alt=\"\" class=\"wp-image-60\" srcset=\"https:\/\/elnclassrooms.ee\/wp-content\/uploads\/2021\/02\/IELTS2.jpg 720w, https:\/\/elnclassrooms.ee\/wp-content\/uploads\/2021\/02\/IELTS2-211x300.jpg 211w\" sizes=\"auto, (max-width: 720px) 85vw, 720px\" \/><\/figure>\n\n\n\n<figure class=\"wp-block-image size-large\"><img loading=\"lazy\" decoding=\"async\" width=\"744\" height=\"1024\" data-id=\"59\" src=\"https:\/\/elnclassrooms.ee\/wp-content\/uploads\/2021\/02\/IELTS.jpg\" alt=\"\" class=\"wp-image-59\" srcset=\"https:\/\/elnclassrooms.ee\/wp-content\/uploads\/2021\/02\/IELTS.jpg 744w, https:\/\/elnclassrooms.ee\/wp-content\/uploads\/2021\/02\/IELTS-218x300.jpg 218w\" sizes=\"auto, (max-width: 744px) 85vw, 744px\" \/><\/figure>\n\n\n\n<figure class=\"wp-block-image size-large\"><img loading=\"lazy\" decoding=\"async\" width=\"510\" height=\"729\" data-id=\"57\" src=\"https:\/\/elnclassrooms.ee\/wp-content\/uploads\/2021\/02\/GoogleClassrooms_AnastasiaStaceyAndros2020_EST.jpg\" alt=\"\" class=\"wp-image-57\" srcset=\"https:\/\/elnclassrooms.ee\/wp-content\/uploads\/2021\/02\/GoogleClassrooms_AnastasiaStaceyAndros2020_EST.jpg 510w, https:\/\/elnclassrooms.ee\/wp-content\/uploads\/2021\/02\/GoogleClassrooms_AnastasiaStaceyAndros2020_EST-210x300.jpg 210w\" sizes=\"auto, (max-width: 510px) 85vw, 510px\" \/><\/figure>\n\n\n\n<figure class=\"wp-block-image size-large\"><img loading=\"lazy\" decoding=\"async\" width=\"545\" height=\"777\" data-id=\"58\" src=\"https:\/\/elnclassrooms.ee\/wp-content\/uploads\/2021\/02\/GoogleClassrooms_AnastasiaStaceyAndros2020_RUS.jpg\" alt=\"\" class=\"wp-image-58\" srcset=\"https:\/\/elnclassrooms.ee\/wp-content\/uploads\/2021\/02\/GoogleClassrooms_AnastasiaStaceyAndros2020_RUS.jpg 545w, https:\/\/elnclassrooms.ee\/wp-content\/uploads\/2021\/02\/GoogleClassrooms_AnastasiaStaceyAndros2020_RUS-210x300.jpg 210w\" sizes=\"auto, (max-width: 545px) 85vw, 545px\" \/><\/figure>\n\n\n\n<figure class=\"wp-block-image size-large\"><img loading=\"lazy\" decoding=\"async\" width=\"545\" height=\"781\" data-id=\"63\" src=\"https:\/\/elnclassrooms.ee\/wp-content\/uploads\/2021\/02\/Moodle_AnastasiaStaceyAndros2020_EST_basics.jpg\" alt=\"\" class=\"wp-image-63\" srcset=\"https:\/\/elnclassrooms.ee\/wp-content\/uploads\/2021\/02\/Moodle_AnastasiaStaceyAndros2020_EST_basics.jpg 545w, https:\/\/elnclassrooms.ee\/wp-content\/uploads\/2021\/02\/Moodle_AnastasiaStaceyAndros2020_EST_basics-209x300.jpg 209w\" sizes=\"auto, (max-width: 545px) 85vw, 545px\" \/><\/figure>\n\n\n\n<figure class=\"wp-block-image size-large\"><img loading=\"lazy\" decoding=\"async\" width=\"542\" height=\"776\" data-id=\"64\" src=\"https:\/\/elnclassrooms.ee\/wp-content\/uploads\/2021\/02\/Moodle_AnastasiaStaceyAndros2020_RUS_basics.jpg\" alt=\"\" class=\"wp-image-64\" srcset=\"https:\/\/elnclassrooms.ee\/wp-content\/uploads\/2021\/02\/Moodle_AnastasiaStaceyAndros2020_RUS_basics.jpg 542w, https:\/\/elnclassrooms.ee\/wp-content\/uploads\/2021\/02\/Moodle_AnastasiaStaceyAndros2020_RUS_basics-210x300.jpg 210w\" sizes=\"auto, (max-width: 542px) 85vw, 542px\" \/><\/figure>\n\n\n\n<figure class=\"wp-block-image size-large\"><img loading=\"lazy\" decoding=\"async\" width=\"570\" height=\"811\" data-id=\"55\" src=\"https:\/\/elnclassrooms.ee\/wp-content\/uploads\/2021\/02\/clil.jpg\" alt=\"\" class=\"wp-image-55\" srcset=\"https:\/\/elnclassrooms.ee\/wp-content\/uploads\/2021\/02\/clil.jpg 570w, https:\/\/elnclassrooms.ee\/wp-content\/uploads\/2021\/02\/clil-211x300.jpg 211w\" sizes=\"auto, (max-width: 570px) 85vw, 570px\" \/><\/figure>\n\n\n\n<figure class=\"wp-block-image size-large\"><img loading=\"lazy\" decoding=\"async\" width=\"724\" height=\"1024\" data-id=\"62\" src=\"https:\/\/elnclassrooms.ee\/wp-content\/uploads\/2021\/02\/kal-724x1024.jpg\" alt=\"\" class=\"wp-image-62\" srcset=\"https:\/\/elnclassrooms.ee\/wp-content\/uploads\/2021\/02\/kal-724x1024.jpg 724w, https:\/\/elnclassrooms.ee\/wp-content\/uploads\/2021\/02\/kal-212x300.jpg 212w, https:\/\/elnclassrooms.ee\/wp-content\/uploads\/2021\/02\/kal-768x1087.jpg 768w, https:\/\/elnclassrooms.ee\/wp-content\/uploads\/2021\/02\/kal-1086x1536.jpg 1086w, https:\/\/elnclassrooms.ee\/wp-content\/uploads\/2021\/02\/kal-1200x1698.jpg 1200w, https:\/\/elnclassrooms.ee\/wp-content\/uploads\/2021\/02\/kal.jpg 1246w\" sizes=\"auto, (max-width: 724px) 85vw, 724px\" \/><\/figure>\n\n\n\n<figure class=\"wp-block-image size-large\"><img loading=\"lazy\" decoding=\"async\" width=\"724\" height=\"1024\" data-id=\"65\" src=\"https:\/\/elnclassrooms.ee\/wp-content\/uploads\/2021\/02\/tkt1-724x1024.jpg\" alt=\"\" class=\"wp-image-65\" srcset=\"https:\/\/elnclassrooms.ee\/wp-content\/uploads\/2021\/02\/tkt1-724x1024.jpg 724w, https:\/\/elnclassrooms.ee\/wp-content\/uploads\/2021\/02\/tkt1-212x300.jpg 212w, https:\/\/elnclassrooms.ee\/wp-content\/uploads\/2021\/02\/tkt1-768x1087.jpg 768w, https:\/\/elnclassrooms.ee\/wp-content\/uploads\/2021\/02\/tkt1-1086x1536.jpg 1086w, https:\/\/elnclassrooms.ee\/wp-content\/uploads\/2021\/02\/tkt1-1200x1698.jpg 1200w, https:\/\/elnclassrooms.ee\/wp-content\/uploads\/2021\/02\/tkt1.jpg 1246w\" sizes=\"auto, (max-width: 724px) 85vw, 724px\" \/><\/figure>\n\n\n\n<figure class=\"wp-block-image size-large\"><img loading=\"lazy\" decoding=\"async\" width=\"724\" height=\"1024\" data-id=\"66\" src=\"https:\/\/elnclassrooms.ee\/wp-content\/uploads\/2021\/02\/tkt2-724x1024.jpg\" alt=\"\" class=\"wp-image-66\" srcset=\"https:\/\/elnclassrooms.ee\/wp-content\/uploads\/2021\/02\/tkt2-724x1024.jpg 724w, https:\/\/elnclassrooms.ee\/wp-content\/uploads\/2021\/02\/tkt2-212x300.jpg 212w, https:\/\/elnclassrooms.ee\/wp-content\/uploads\/2021\/02\/tkt2-768x1087.jpg 768w, https:\/\/elnclassrooms.ee\/wp-content\/uploads\/2021\/02\/tkt2-1086x1536.jpg 1086w, https:\/\/elnclassrooms.ee\/wp-content\/uploads\/2021\/02\/tkt2-1200x1698.jpg 1200w, https:\/\/elnclassrooms.ee\/wp-content\/uploads\/2021\/02\/tkt2.jpg 1246w\" sizes=\"auto, (max-width: 724px) 85vw, 724px\" \/><\/figure>\n\n\n\n<figure class=\"wp-block-image size-large\"><img loading=\"lazy\" decoding=\"async\" width=\"724\" height=\"1024\" data-id=\"67\" src=\"https:\/\/elnclassrooms.ee\/wp-content\/uploads\/2021\/02\/tkt3-724x1024.jpg\" alt=\"\" class=\"wp-image-67\" srcset=\"https:\/\/elnclassrooms.ee\/wp-content\/uploads\/2021\/02\/tkt3-724x1024.jpg 724w, https:\/\/elnclassrooms.ee\/wp-content\/uploads\/2021\/02\/tkt3-212x300.jpg 212w, https:\/\/elnclassrooms.ee\/wp-content\/uploads\/2021\/02\/tkt3-768x1087.jpg 768w, https:\/\/elnclassrooms.ee\/wp-content\/uploads\/2021\/02\/tkt3-1086x1536.jpg 1086w, https:\/\/elnclassrooms.ee\/wp-content\/uploads\/2021\/02\/tkt3-1200x1698.jpg 1200w, https:\/\/elnclassrooms.ee\/wp-content\/uploads\/2021\/02\/tkt3.jpg 1246w\" sizes=\"auto, (max-width: 724px) 85vw, 724px\" \/><\/figure>\n<figcaption class=\"blocks-gallery-caption\">Kl\u00f5psake huvipakkuva pildi peale hiire parema nupuga, et avada selle uues vahelehes (inglisekeelsest rippmen\u00fc\u00fcst valige &#171;open image in new tab&#187;<\/figcaption><\/figure>\n","protected":false},"excerpt":{"rendered":"<p>inglise keele kui v\u00f5\u00f5rkeele e-\u00f5petaja-metoodik, kogenud IELTS ja CAE tuutor, haridustehnoloog; t\u00e4iskasvanute eesti keele kui v\u00f5\u00f5rkeele \u00f5petaja, keeleoskused &#8212; inglise keel C2, vene keel C2, eesti keel C1.2 Seisuga 02.07.2022 olen Tartu \u00dclikooli magistrant, \u00f5pin haridustehnoloogiat. Mul on k\u00f5ik kursused tehtud v.a. magistrit\u00f6\u00f6 Eesti keele kui v\u00f5\u00f5rkeele \u00f5petaja kursusi l\u00e4bisin Tartu \u00dclikoolis 2021-22 \u00f5.a. vabaainete &hellip; <a href=\"https:\/\/elnclassrooms.ee\/ru\/teachers\/anastasia-stacey-andros\/\" class=\"more-link\">\u0427\u0438\u0442\u0430\u0442\u044c \u0434\u0430\u043b\u0435\u0435<span class=\"screen-reader-text\"> \u00abAnastasia Stacey Andros\u00bb<\/span><\/a><\/p>\n","protected":false},"author":1,"featured_media":0,"parent":254,"menu_order":0,"comment_status":"closed","ping_status":"closed","template":"","meta":{"footnotes":""},"class_list":["post-414","page","type-page","status-publish","hentry"],"_links":{"self":[{"href":"https:\/\/elnclassrooms.ee\/ru\/wp-json\/wp\/v2\/pages\/414","targetHints":{"allow":["GET"]}}],"collection":[{"href":"https:\/\/elnclassrooms.ee\/ru\/wp-json\/wp\/v2\/pages"}],"about":[{"href":"https:\/\/elnclassrooms.ee\/ru\/wp-json\/wp\/v2\/types\/page"}],"author":[{"embeddable":true,"href":"https:\/\/elnclassrooms.ee\/ru\/wp-json\/wp\/v2\/users\/1"}],"replies":[{"embeddable":true,"href":"https:\/\/elnclassrooms.ee\/ru\/wp-json\/wp\/v2\/comments?post=414"}],"version-history":[{"count":7,"href":"https:\/\/elnclassrooms.ee\/ru\/wp-json\/wp\/v2\/pages\/414\/revisions"}],"predecessor-version":[{"id":701,"href":"https:\/\/elnclassrooms.ee\/ru\/wp-json\/wp\/v2\/pages\/414\/revisions\/701"}],"up":[{"embeddable":true,"href":"https:\/\/elnclassrooms.ee\/ru\/wp-json\/wp\/v2\/pages\/254"}],"wp:attachment":[{"href":"https:\/\/elnclassrooms.ee\/ru\/wp-json\/wp\/v2\/media?parent=414"}],"curies":[{"name":"wp","href":"https:\/\/api.w.org\/{rel}","templated":true}]}}